{"id":308,"date":"2022-06-01T08:01:33","date_gmt":"2022-06-01T08:01:33","guid":{"rendered":"https:\/\/brielle.qodeinteractive.com\/?page_id=308"},"modified":"2023-12-11T22:27:54","modified_gmt":"2023-12-11T21:27:54","slug":"nos-articles","status":"publish","type":"page","link":"https:\/\/centre-harmonie.com\/index.php\/nos-articles\/","title":{"rendered":"Nos articles"},"content":{"rendered":"\t\t<div data-elementor-type=\"wp-page\" data-elementor-id=\"308\" class=\"elementor elementor-308\">\n\t\t\t\t\t\t\t\t\t<section class=\"elementor-section elementor-top-section elementor-element elementor-element-8816792 elementor-section-full_width elementor-section-height-default elementor-section-height-default qodef-elementor-content-no\" data-id=\"8816792\" data-element_type=\"section\">\n\t\t\t\t\t\t<div class=\"elementor-container elementor-column-gap-default\">\n\t\t\t\t\t<div class=\"elementor-column elementor-col-100 elementor-top-column elementor-element elementor-element-f863997\" data-id=\"f863997\" data-element_type=\"column\">\n\t\t\t<div class=\"elementor-widget-wrap elementor-element-populated\">\n\t\t\t\t\t\t\t\t<div class=\"elementor-element elementor-element-0cecff1 elementor-widget elementor-widget-brielle_core_blog_list\" data-id=\"0cecff1\" data-element_type=\"widget\" data-widget_type=\"brielle_core_blog_list.default\">\n\t\t\t\t<div class=\"elementor-widget-container\">\n\t\t\t<div class=\"qodef-shortcode qodef-m  qodef-blog qodef--list qodef-item-layout--standard qodef-grid qodef-layout--columns  qodef-gutter--huge qodef-col-num--1 qodef-item-layout--standard qodef-pagination--on qodef-pagination-type--standard qodef-responsive--predefined\" data-options=\"{&quot;plugin&quot;:&quot;brielle_core&quot;,&quot;module&quot;:&quot;blog\\\/shortcodes&quot;,&quot;shortcode&quot;:&quot;blog-list&quot;,&quot;post_type&quot;:&quot;post&quot;,&quot;next_page&quot;:&quot;2&quot;,&quot;max_pages_num&quot;:1,&quot;behavior&quot;:&quot;columns&quot;,&quot;images_proportion&quot;:&quot;full&quot;,&quot;columns&quot;:&quot;1&quot;,&quot;columns_responsive&quot;:&quot;predefined&quot;,&quot;space&quot;:&quot;huge&quot;,&quot;posts_per_page&quot;:&quot;5&quot;,&quot;orderby&quot;:&quot;date&quot;,&quot;order&quot;:&quot;ASC&quot;,&quot;additional_params&quot;:&quot;tax&quot;,&quot;tax&quot;:&quot;post_tag&quot;,&quot;layout&quot;:&quot;standard&quot;,&quot;title_tag&quot;:&quot;h2&quot;,&quot;enable_title_modification&quot;:&quot;yes&quot;,&quot;pagination_type&quot;:&quot;standard&quot;,&quot;object_class_name&quot;:&quot;BrielleCore_Blog_List_Shortcode&quot;,&quot;taxonomy_filter&quot;:&quot;post_tag&quot;,&quot;space_value&quot;:40}\">\n\t\t<div class=\"qodef-grid-inner clear\">\n\t\t<article class=\"qodef-e qodef-blog-item qodef-grid-item qodef-item--full post-9300 post type-post status-publish format-standard has-post-thumbnail hentry category-soins-beaute\">\n\t<div class=\"qodef-e-inner\">\n\t\t<div class=\"qodef-e-media\">\n\t\t<div class=\"qodef-e-media-image\">\n\t\t<a itemprop=\"url\" href=\"https:\/\/centre-harmonie.com\/index.php\/2023\/12\/03\/la-beaute-des-mains-et-des-pieds\/\">\n\t\t\t<img fetchpriority=\"high\" decoding=\"async\" width=\"1600\" height=\"800\" src=\"https:\/\/centre-harmonie.com\/wp-content\/uploads\/2023\/12\/pieds-mains-mademoiselle-bonjour-1.jpg\" class=\"attachment-full size-full wp-post-image\" alt=\"\" srcset=\"https:\/\/centre-harmonie.com\/wp-content\/uploads\/2023\/12\/pieds-mains-mademoiselle-bonjour-1.jpg 1600w, https:\/\/centre-harmonie.com\/wp-content\/uploads\/2023\/12\/pieds-mains-mademoiselle-bonjour-1-300x150.jpg 300w, https:\/\/centre-harmonie.com\/wp-content\/uploads\/2023\/12\/pieds-mains-mademoiselle-bonjour-1-1024x512.jpg 1024w, https:\/\/centre-harmonie.com\/wp-content\/uploads\/2023\/12\/pieds-mains-mademoiselle-bonjour-1-768x384.jpg 768w, https:\/\/centre-harmonie.com\/wp-content\/uploads\/2023\/12\/pieds-mains-mademoiselle-bonjour-1-1536x768.jpg 1536w, https:\/\/centre-harmonie.com\/wp-content\/uploads\/2023\/12\/pieds-mains-mademoiselle-bonjour-1-1300x650.jpg 1300w\" sizes=\"(max-width: 1600px) 100vw, 1600px\" \/>\t\t<\/a>\n\t\t<div class=\"qodef-e-date-on-image\">\n\t\t\t<a title=\"Title Text: \" itemprop=\"dateCreated\" href=\"https:\/\/centre-harmonie.com\/index.php\/2023\/12\/\" class=\"entry-date \">\n\t<span class=\"qodef-e-info-month\"> Dec<\/span>\n\t<span class=\"qodef-e-info-day\"> 3<\/span>\n<\/a>\n\t\t<\/div>\n\t<\/div>\n<\/div>\n\t\t<div class=\"qodef-e-content\">\n\t\t\t<div class=\"qodef-e-top-holder\">\n\t\t\t\t<div class=\"qodef-e-info qodef-e-info-cat\">\n\t\t\t\t\t<a itemprop=\"author\" href=\"https:\/\/centre-harmonie.com\/index.php\/author\/centreharmonie\/\" class=\"qodef-e-info-author\">\n\tcentreharmonie<\/a><div class=\"qodef-info-separator-end\"><\/div>\n<a href=\"https:\/\/centre-harmonie.com\/index.php\/category\/soins-beaute\/\" rel=\"tag\">Les soins beaut\u00e9<\/a><div class=\"qodef-info-separator-end\"><\/div>\t\t\t\t<\/div>\n\t\t\t<\/div>\n\t\t\t<div class=\"qodef-e-text\">\n\t\t\t\t<h2 itemprop=\"name\" class=\"qodef-e-title entry-title\" >\n<a itemprop=\"url\" class=\"qodef-e-title-link\" href=\"https:\/\/centre-harmonie.com\/index.php\/2023\/12\/03\/la-beaute-des-mains-et-des-pieds\/\">\n\tLa beaut\u00e9 des mains et des pieds<\/a>\n<\/h2>\n\t\t<p itemprop=\"description\" class=\"qodef-e-excerpt\">L&#8217;importance de prendre soin de ses mains et pieds \u00a0 Les mains et les pieds sont des parties du corps qui sont souvent n\u00e9glig\u00e9es en termes de soins esth\u00e9tiques, mais leur apparence peut avoir un impact significatif sur l&#8217;apparence g\u00e9n\u00e9rale d&#8217;une personne. Des mains et des pieds bien entretenus peuvent donner une impression de propret\u00e9, [&hellip;]<\/p>\n\t\t\t\t\t<\/div>\n\t\t\t<div class=\"qodef-e-bottom-holder\">\n\t\t\t\t<div class=\"qodef-e-left\">\n\t\t\t\t\t\t<div class=\"qodef-e-read-more\">\n\t\t<a class=\"qodef-shortcode qodef-m  qodef-button qodef-layout--textual  qodef-html--link\" href=\"https:\/\/centre-harmonie.com\/index.php\/2023\/12\/03\/la-beaute-des-mains-et-des-pieds\/\" target=\"_self\"  >\t<span class=\"qodef-m-text\">Read More<\/span><\/a>\t<\/div>\n\t\t\t\t<\/div>\n\t\t\t\t<div class=\"qodef-e-right qodef-e-info\">\n\t\t\t\t\t\t<div class=\"qodef-e-info-item qodef-e-info-social-share\">\n\t\t<div class=\"qodef-shortcode qodef-m  qodef-social-share clear qodef-layout--text\">\t\t<ul class=\"qodef-shortcode-list\">\t\t<li class=\"qodef-facebook-share\">\t<a itemprop=\"url\" class=\"qodef-share-link\" href=\"#\" onclick=\"window.open(&#039;https:\/\/www.facebook.com\/sharer.php?u=https%3A%2F%2Fcentre-harmonie.com%2Findex.php%2F2023%2F12%2F03%2Fla-beaute-des-mains-et-des-pieds%2F&#039;, &#039;sharer&#039;, &#039;toolbar=0,status=0,width=620,height=280&#039;);\">\t\t\t\t\t<span class=\"qodef-social-network-text\">fb<\/span>\t\t\t<\/a><\/li><li class=\"qodef-twitter-share\">\t<a itemprop=\"url\" class=\"qodef-share-link\" href=\"#\" onclick=\"window.open(&#039;https:\/\/twitter.com\/intent\/tweet?text=L%26%238217%3Bimportance+de+prendre+soin+de+ses+mains+et+pieds+%C2%A0+Les+mains+et+les+pieds+sont+des++via+%40QodeInteractivehttps:\/\/centre-harmonie.com\/index.php\/2023\/12\/03\/la-beaute-des-mains-et-des-pieds\/&#039;, &#039;popupwindow&#039;, &#039;scrollbars=yes,width=800,height=400&#039;);\">\t\t\t\t\t<span class=\"qodef-social-network-text\">tw<\/span>\t\t\t<\/a><\/li><li class=\"qodef-linkedin-share\">\t<a itemprop=\"url\" class=\"qodef-share-link\" href=\"#\" onclick=\"popUp=window.open(&#039;https:\/\/linkedin.com\/shareArticle?mini=true&amp;url=https%3A%2F%2Fcentre-harmonie.com%2Findex.php%2F2023%2F12%2F03%2Fla-beaute-des-mains-et-des-pieds%2F&amp;title=La+beaut%C3%A9+des+mains+et+des+pieds&#039;, &#039;popupwindow&#039;, &#039;scrollbars=yes,width=800,height=400&#039;);popUp.focus();return false;\">\t\t\t\t\t<span class=\"qodef-social-network-text\">lnkd<\/span>\t\t\t<\/a><\/li>\t<\/ul><\/div>\t<\/div>\n\t\t\t\t<\/div>\n\t\t\t<\/div>\n\t\t<\/div>\n\t<\/div>\n<\/article>\n<article class=\"qodef-e qodef-blog-item qodef-grid-item qodef-item--full post-9434 post type-post status-publish format-standard has-post-thumbnail hentry category-blog\">\n\t<div class=\"qodef-e-inner\">\n\t\t<div class=\"qodef-e-media\">\n\t\t<div class=\"qodef-e-media-image\">\n\t\t<a itemprop=\"url\" href=\"https:\/\/centre-harmonie.com\/index.php\/2023\/12\/18\/modelage-du-corps-lart-de-la-relaxation\/\">\n\t\t\t<img decoding=\"async\" width=\"612\" height=\"409\" src=\"https:\/\/centre-harmonie.com\/wp-content\/uploads\/2023\/12\/istockphoto-1392328073-612x612-1.jpg\" class=\"attachment-full size-full wp-post-image\" alt=\"\" srcset=\"https:\/\/centre-harmonie.com\/wp-content\/uploads\/2023\/12\/istockphoto-1392328073-612x612-1.jpg 612w, https:\/\/centre-harmonie.com\/wp-content\/uploads\/2023\/12\/istockphoto-1392328073-612x612-1-300x200.jpg 300w\" sizes=\"(max-width: 612px) 100vw, 612px\" \/>\t\t<\/a>\n\t\t<div class=\"qodef-e-date-on-image\">\n\t\t\t<a title=\"Title Text: \" itemprop=\"dateCreated\" href=\"https:\/\/centre-harmonie.com\/index.php\/2023\/12\/\" class=\"entry-date \">\n\t<span class=\"qodef-e-info-month\"> Dec<\/span>\n\t<span class=\"qodef-e-info-day\"> 18<\/span>\n<\/a>\n\t\t<\/div>\n\t<\/div>\n<\/div>\n\t\t<div class=\"qodef-e-content\">\n\t\t\t<div class=\"qodef-e-top-holder\">\n\t\t\t\t<div class=\"qodef-e-info qodef-e-info-cat\">\n\t\t\t\t\t<a itemprop=\"author\" href=\"https:\/\/centre-harmonie.com\/index.php\/author\/centreharmonie\/\" class=\"qodef-e-info-author\">\n\tcentreharmonie<\/a><div class=\"qodef-info-separator-end\"><\/div>\n<a href=\"https:\/\/centre-harmonie.com\/index.php\/category\/blog\/\" rel=\"tag\">Blog<\/a><div class=\"qodef-info-separator-end\"><\/div>\t\t\t\t<\/div>\n\t\t\t<\/div>\n\t\t\t<div class=\"qodef-e-text\">\n\t\t\t\t<h2 itemprop=\"name\" class=\"qodef-e-title entry-title\" >\n<a itemprop=\"url\" class=\"qodef-e-title-link\" href=\"https:\/\/centre-harmonie.com\/index.php\/2023\/12\/18\/modelage-du-corps-lart-de-la-relaxation\/\">\n\tModelage du corps\u00a0:\u00a0 L&#8217;art de la relaxation<\/a>\n<\/h2>\n\t\t<p itemprop=\"description\" class=\"qodef-e-excerpt\">Les bienfaits des modelages Pratique qui utilise des techniques manuelles pour soulager les tensions musculaires, am\u00e9liorer la circulation sanguine et lymphatique, ainsi que favoriser la d\u00e9tente et le bien-\u00eatre. Les bienfaits sont nombreux, notamment en ce qui concerne la diminution des douleurs chroniques et des maux de t\u00eate, ainsi que l&#8217;am\u00e9lioration du sommeil mais \u00e9galement [&hellip;]<\/p>\n\t\t\t\t\t<\/div>\n\t\t\t<div class=\"qodef-e-bottom-holder\">\n\t\t\t\t<div class=\"qodef-e-left\">\n\t\t\t\t\t\t<div class=\"qodef-e-read-more\">\n\t\t<a class=\"qodef-shortcode qodef-m  qodef-button qodef-layout--textual  qodef-html--link\" href=\"https:\/\/centre-harmonie.com\/index.php\/2023\/12\/18\/modelage-du-corps-lart-de-la-relaxation\/\" target=\"_self\"  >\t<span class=\"qodef-m-text\">Read More<\/span><\/a>\t<\/div>\n\t\t\t\t<\/div>\n\t\t\t\t<div class=\"qodef-e-right qodef-e-info\">\n\t\t\t\t\t\t<div class=\"qodef-e-info-item qodef-e-info-social-share\">\n\t\t<div class=\"qodef-shortcode qodef-m  qodef-social-share clear qodef-layout--text\">\t\t<ul class=\"qodef-shortcode-list\">\t\t<li class=\"qodef-facebook-share\">\t<a itemprop=\"url\" class=\"qodef-share-link\" href=\"#\" onclick=\"window.open(&#039;https:\/\/www.facebook.com\/sharer.php?u=https%3A%2F%2Fcentre-harmonie.com%2Findex.php%2F2023%2F12%2F18%2Fmodelage-du-corps-lart-de-la-relaxation%2F&#039;, &#039;sharer&#039;, &#039;toolbar=0,status=0,width=620,height=280&#039;);\">\t\t\t\t\t<span class=\"qodef-social-network-text\">fb<\/span>\t\t\t<\/a><\/li><li class=\"qodef-twitter-share\">\t<a itemprop=\"url\" class=\"qodef-share-link\" href=\"#\" onclick=\"window.open(&#039;https:\/\/twitter.com\/intent\/tweet?text=Les+bienfaits+des+modelages+Pratique+qui+utilise+des+techniques+manuelles+pour+soulager+les++via+%40QodeInteractivehttps:\/\/centre-harmonie.com\/index.php\/2023\/12\/18\/modelage-du-corps-lart-de-la-relaxation\/&#039;, &#039;popupwindow&#039;, &#039;scrollbars=yes,width=800,height=400&#039;);\">\t\t\t\t\t<span class=\"qodef-social-network-text\">tw<\/span>\t\t\t<\/a><\/li><li class=\"qodef-linkedin-share\">\t<a itemprop=\"url\" class=\"qodef-share-link\" href=\"#\" onclick=\"popUp=window.open(&#039;https:\/\/linkedin.com\/shareArticle?mini=true&amp;url=https%3A%2F%2Fcentre-harmonie.com%2Findex.php%2F2023%2F12%2F18%2Fmodelage-du-corps-lart-de-la-relaxation%2F&amp;title=Modelage+du+corps%C2%A0%3A%C2%A0+L%26%238217%3Bart+de+la+relaxation&#039;, &#039;popupwindow&#039;, &#039;scrollbars=yes,width=800,height=400&#039;);popUp.focus();return false;\">\t\t\t\t\t<span class=\"qodef-social-network-text\">lnkd<\/span>\t\t\t<\/a><\/li>\t<\/ul><\/div>\t<\/div>\n\t\t\t\t<\/div>\n\t\t\t<\/div>\n\t\t<\/div>\n\t<\/div>\n<\/article>\n\t<\/div>\n\t<\/div>\n\t\t<\/div>\n\t\t\t\t<\/div>\n\t\t\t\t\t<\/div>\n\t\t<\/div>\n\t\t\t\t\t\t\t<\/div>\n\t\t<\/section>\n\t\t\t\t\t\t\t<\/div>\n\t\t","protected":false},"excerpt":{"rendered":"<p>centreharmonie Les soins beaut\u00e9 3 d\u00e9cembre 2023 La beaut\u00e9 des mains et des pieds L&rsquo;importance de prendre soin de ses mains et pieds \u00a0 Les mains et les pieds sont des parties du corps qui sont souvent n\u00e9glig\u00e9es en termes de soins esth\u00e9tiques, mais leur apparence peut avoir un impact significatif sur l&rsquo;apparence g\u00e9n\u00e9rale d&rsquo;une [&hellip;]<\/p>\n","protected":false},"author":1,"featured_media":0,"parent":0,"menu_order":0,"comment_status":"closed","ping_status":"closed","template":"","meta":{"footnotes":""},"_links":{"self":[{"href":"https:\/\/centre-harmonie.com\/index.php\/wp-json\/wp\/v2\/pages\/308"}],"collection":[{"href":"https:\/\/centre-harmonie.com\/index.php\/wp-json\/wp\/v2\/pages"}],"about":[{"href":"https:\/\/centre-harmonie.com\/index.php\/wp-json\/wp\/v2\/types\/page"}],"author":[{"embeddable":true,"href":"https:\/\/centre-harmonie.com\/index.php\/wp-json\/wp\/v2\/users\/1"}],"replies":[{"embeddable":true,"href":"https:\/\/centre-harmonie.com\/index.php\/wp-json\/wp\/v2\/comments?post=308"}],"version-history":[{"count":4,"href":"https:\/\/centre-harmonie.com\/index.php\/wp-json\/wp\/v2\/pages\/308\/revisions"}],"predecessor-version":[{"id":9385,"href":"https:\/\/centre-harmonie.com\/index.php\/wp-json\/wp\/v2\/pages\/308\/revisions\/9385"}],"wp:attachment":[{"href":"https:\/\/centre-harmonie.com\/index.php\/wp-json\/wp\/v2\/media?parent=308"}],"curies":[{"name":"wp","href":"https:\/\/api.w.org\/{rel}","templated":true}]}}